{"id":172,"date":"2024-06-20T21:40:56","date_gmt":"2024-06-20T21:40:56","guid":{"rendered":"https:\/\/klima.bemutatjuk.com\/?page_id=172"},"modified":"2024-06-20T21:55:49","modified_gmt":"2024-06-20T21:55:49","slug":"karbantartas","status":"publish","type":"page","link":"https:\/\/klima.bemutatjuk.com\/?page_id=172","title":{"rendered":"Karbantart\u00e1s"},"content":{"rendered":"\t\t<div data-elementor-type=\"wp-page\" data-elementor-id=\"172\" class=\"elementor elementor-172\" data-elementor-post-type=\"page\">\n\t\t\t\t\t\t<section class=\"elementor-section elementor-top-section elementor-element elementor-element-5c5c9d7d elementor-section-height-min-height elementor-section-content-middle elementor-section-boxed elementor-section-height-default elementor-section-items-middle\" data-id=\"5c5c9d7d\" data-element_type=\"section\" data-settings=\"{&quot;background_background&quot;:&quot;classic&quot;}\">\n\t\t\t\t\t\t\t<div class=\"elementor-background-overlay\"><\/div>\n\t\t\t\t\t\t\t<div class=\"elementor-container elementor-column-gap-no\">\n\t\t\t\t\t<div class=\"elementor-column elementor-col-50 elementor-top-column elementor-element elementor-element-3d49e933 elementor-invisible\" data-id=\"3d49e933\" data-element_type=\"column\" data-settings=\"{&quot;animation&quot;:&quot;fadeInLeft&quot;}\">\n\t\t\t<div class=\"elementor-widget-wrap elementor-element-populated\">\n\t\t\t\t\t\t\t<\/div>\n\t\t<\/div>\n\t\t\t\t<div class=\"elementor-column elementor-col-50 elementor-top-column elementor-element elementor-element-4a1aaaa1 elementor-invisible\" data-id=\"4a1aaaa1\" data-element_type=\"column\" data-settings=\"{&quot;animation&quot;:&quot;fadeInRight&quot;}\">\n\t\t\t<div class=\"elementor-widget-wrap\">\n\t\t\t\t\t\t\t<\/div>\n\t\t<\/div>\n\t\t\t\t\t<\/div>\n\t\t<\/section>\n\t\t\t\t<section class=\"elementor-section elementor-top-section elementor-element elementor-element-359e934 elementor-section-full_width elementor-section-height-default elementor-section-height-default\" data-id=\"359e934\" data-element_type=\"section\">\n\t\t\t\t\t\t<div class=\"elementor-container elementor-column-gap-no\">\n\t\t\t\t\t<div class=\"elementor-column elementor-col-100 elementor-top-column elementor-element elementor-element-d8e51b4\" data-id=\"d8e51b4\" data-element_type=\"column\">\n\t\t\t<div class=\"elementor-widget-wrap elementor-element-populated\">\n\t\t\t\t\t\t<section class=\"elementor-section elementor-inner-section elementor-element elementor-element-5d17d223 elementor-section-content-top elementor-section-boxed elementor-section-height-default elementor-section-height-default\" data-id=\"5d17d223\" data-element_type=\"section\">\n\t\t\t\t\t\t<div class=\"elementor-container elementor-column-gap-no\">\n\t\t\t\t\t<div class=\"elementor-column elementor-col-50 elementor-inner-column elementor-element elementor-element-27ada70b\" data-id=\"27ada70b\" data-element_type=\"column\">\n\t\t\t<div class=\"elementor-widget-wrap elementor-element-populated\">\n\t\t\t\t\t\t<div class=\"elementor-element elementor-element-44f0df12 elementor-widget elementor-widget-heading\" data-id=\"44f0df12\" data-element_type=\"widget\" data-widget_type=\"heading.default\">\n\t\t\t\t<div class=\"elementor-widget-container\">\n\t\t\t<style>\/*! elementor - v3.22.0 - 17-06-2024 *\/\n.elementor-heading-title{padding:0;margin:0;line-height:1}.elementor-widget-heading .elementor-heading-title[class*=elementor-size-]>a{color:inherit;font-size:inherit;line-height:inherit}.elementor-widget-heading .elementor-heading-title.elementor-size-small{font-size:15px}.elementor-widget-heading .elementor-heading-title.elementor-size-medium{font-size:19px}.elementor-widget-heading .elementor-heading-title.elementor-size-large{font-size:29px}.elementor-widget-heading .elementor-heading-title.elementor-size-xl{font-size:39px}.elementor-widget-heading .elementor-heading-title.elementor-size-xxl{font-size:59px}<\/style><h2 class=\"elementor-heading-title elementor-size-default\">A Kl\u00edmaberendez\u00e9sek Tiszt\u00edt\u00e1sa<\/h2>\t\t<\/div>\n\t\t\t\t<\/div>\n\t\t\t\t<div class=\"elementor-element elementor-element-3099072 elementor-widget elementor-widget-text-editor\" data-id=\"3099072\" data-element_type=\"widget\" data-widget_type=\"text-editor.default\">\n\t\t\t\t<div class=\"elementor-widget-container\">\n\t\t\t<style>\/*! elementor - v3.22.0 - 17-06-2024 *\/\n.elementor-widget-text-editor.elementor-drop-cap-view-stacked .elementor-drop-cap{background-color:#69727d;color:#fff}.elementor-widget-text-editor.elementor-drop-cap-view-framed .elementor-drop-cap{color:#69727d;border:3px solid;background-color:transparent}.elementor-widget-text-editor:not(.elementor-drop-cap-view-default) .elementor-drop-cap{margin-top:8px}.elementor-widget-text-editor:not(.elementor-drop-cap-view-default) .elementor-drop-cap-letter{width:1em;height:1em}.elementor-widget-text-editor .elementor-drop-cap{float:left;text-align:center;line-height:1;font-size:50px}.elementor-widget-text-editor .elementor-drop-cap-letter{display:inline-block}<\/style>\t\t\t\t<p>Egy gondosan kiv\u00e1lasztott \u00e9s szakszer\u0171en beszerelt min\u0151s\u00e9gi kl\u00edmaberendez\u00e9s hossz\u00fa t\u00e1von biztos\u00edtja k\u00e9nyelm\u00fcnket \u00e9s eg\u00e9szs\u00e9g\u00fcnket. Amikor valaki kl\u00edm\u00e1t v\u00e1laszt, \u00e9rdemes alaposan megfontolni a d\u00f6nt\u00e9st, hiszen ez az eszk\u00f6z \u00e9veken \u00e1t otthonunk r\u00e9sze lesz, szolg\u00e1lva k\u00e9nyelm\u00fcnket \u00e9s eg\u00e9szs\u00e9g\u00fcnket.<\/p>\t\t\t\t\t\t<\/div>\n\t\t\t\t<\/div>\n\t\t\t\t<div class=\"elementor-element elementor-element-11a2c90 elementor-widget elementor-widget-heading\" data-id=\"11a2c90\" data-element_type=\"widget\" data-widget_type=\"heading.default\">\n\t\t\t\t<div class=\"elementor-widget-container\">\n\t\t\t<h2 class=\"elementor-heading-title elementor-size-default\">A Kl\u00edma Tiszt\u00edt\u00e1s\u00e1nak Fontoss\u00e1ga<\/h2>\t\t<\/div>\n\t\t\t\t<\/div>\n\t\t\t\t<div class=\"elementor-element elementor-element-7977c18 elementor-widget elementor-widget-text-editor\" data-id=\"7977c18\" data-element_type=\"widget\" data-widget_type=\"text-editor.default\">\n\t\t\t\t<div class=\"elementor-widget-container\">\n\t\t\t\t\t\t\t<p>A garancia mellett a nem megfelel\u0151en karbantartott kl\u00edm\u00e1k \u00e9lettani hat\u00e1sa is l\u00e9nyeges. Logikusan \u00e1tgondolva, a lak\u00e1sban is megjelenik a por id\u0151vel, \u00e9s ez a kl\u00edm\u00e1kban is hatv\u00e1nyozottan igaz. A kl\u00edma ventil\u00e1tora besz\u00edvja a leveg\u0151t \u00e9s \u00e1tvezeti a h\u0151cser\u00e9l\u0151 lamell\u00e1k k\u00f6z\u00f6tt, ahol a por le\u00fclepedik, k\u00fcl\u00f6n\u00f6sen h\u0171t\u00e9s k\u00f6zben, amikor kondenzv\u00edz is keletkezik. A nedves fel\u00fcleten a por m\u00e9g gyorsabban megtapad, el\u0151seg\u00edtve a pen\u00e9sz \u00e9s bakt\u00e9riumok kialakul\u00e1s\u00e1t, amelyeket a leveg\u0151be f\u00faj a kl\u00edma, \u00edgy ezeket bel\u00e9legezz\u00fck. Ez\u00e9rt elengedhetetlen a rendszeres tiszt\u00edt\u00e1s.<\/p>\t\t\t\t\t\t<\/div>\n\t\t\t\t<\/div>\n\t\t\t\t<div class=\"elementor-element elementor-element-5019944 elementor-align-center elementor-widget elementor-widget-button\" data-id=\"5019944\" data-element_type=\"widget\" data-widget_type=\"button.default\">\n\t\t\t\t<div class=\"elementor-widget-container\">\n\t\t\t\t\t<div class=\"elementor-button-wrapper\">\n\t\t\t<a class=\"elementor-button elementor-button-link elementor-size-sm\" href=\"https:\/\/klima.bemutatjuk.com\/?page_id=109\">\n\t\t\t\t\t\t<span class=\"elementor-button-content-wrapper\">\n\t\t\t\t\t\t\t\t\t<span class=\"elementor-button-text\">K\u00e9rd d\u00edjmentes aj\u00e1nlatunkat<\/span>\n\t\t\t\t\t<\/span>\n\t\t\t\t\t<\/a>\n\t\t<\/div>\n\t\t\t\t<\/div>\n\t\t\t\t<\/div>\n\t\t\t\t\t<\/div>\n\t\t<\/div>\n\t\t\t\t<div class=\"elementor-column elementor-col-50 elementor-inner-column elementor-element elementor-element-23c0f306\" data-id=\"23c0f306\" data-element_type=\"column\">\n\t\t\t<div class=\"elementor-widget-wrap elementor-element-populated\">\n\t\t\t\t\t\t<section class=\"elementor-section elementor-inner-section elementor-element elementor-element-71662781 elementor-section-content-top elementor-section-boxed elementor-section-height-default elementor-section-height-default\" data-id=\"71662781\" data-element_type=\"section\">\n\t\t\t\t\t\t<div class=\"elementor-container elementor-column-gap-no\">\n\t\t\t\t\t<div class=\"elementor-column elementor-col-100 elementor-inner-column elementor-element elementor-element-81e912c\" data-id=\"81e912c\" data-element_type=\"column\">\n\t\t\t<div class=\"elementor-widget-wrap elementor-element-populated\">\n\t\t\t\t\t\t<div class=\"elementor-element elementor-element-4f5b192 elementor-widget elementor-widget-image\" data-id=\"4f5b192\" data-element_type=\"widget\" data-widget_type=\"image.default\">\n\t\t\t\t<div class=\"elementor-widget-container\">\n\t\t\t<style>\/*! elementor - v3.22.0 - 17-06-2024 *\/\n.elementor-widget-image{text-align:center}.elementor-widget-image a{display:inline-block}.elementor-widget-image a img[src$=\".svg\"]{width:48px}.elementor-widget-image img{vertical-align:middle;display:inline-block}<\/style>\t\t\t\t\t\t\t\t\t\t<img fetchpriority=\"high\" decoding=\"async\" width=\"683\" height=\"1024\" src=\"https:\/\/klima.bemutatjuk.com\/wp-content\/uploads\/2024\/06\/dabasklima4-683x1024.jpg\" class=\"attachment-large size-large wp-image-112\" alt=\"dabasklima3\" srcset=\"https:\/\/klima.bemutatjuk.com\/wp-content\/uploads\/2024\/06\/dabasklima4-683x1024.jpg 683w, https:\/\/klima.bemutatjuk.com\/wp-content\/uploads\/2024\/06\/dabasklima4-200x300.jpg 200w, https:\/\/klima.bemutatjuk.com\/wp-content\/uploads\/2024\/06\/dabasklima4-768x1152.jpg 768w, https:\/\/klima.bemutatjuk.com\/wp-content\/uploads\/2024\/06\/dabasklima4-1024x1536.jpg 1024w, https:\/\/klima.bemutatjuk.com\/wp-content\/uploads\/2024\/06\/dabasklima4.jpg 1289w\" sizes=\"(max-width: 683px) 100vw, 683px\" \/>\t\t\t\t\t\t\t\t\t\t\t\t\t<\/div>\n\t\t\t\t<\/div>\n\t\t\t\t\t<\/div>\n\t\t<\/div>\n\t\t\t\t\t<\/div>\n\t\t<\/section>\n\t\t\t\t\t<\/div>\n\t\t<\/div>\n\t\t\t\t\t<\/div>\n\t\t<\/section>\n\t\t\t\t<section class=\"elementor-section elementor-inner-section elementor-element elementor-element-7832ccc elementor-section-content-top elementor-section-boxed elementor-section-height-default elementor-section-height-default\" data-id=\"7832ccc\" data-element_type=\"section\">\n\t\t\t\t\t\t<div class=\"elementor-container elementor-column-gap-no\">\n\t\t\t\t\t<div class=\"elementor-column elementor-col-50 elementor-inner-column elementor-element elementor-element-4852619\" data-id=\"4852619\" data-element_type=\"column\">\n\t\t\t<div class=\"elementor-widget-wrap elementor-element-populated\">\n\t\t\t\t\t\t<div class=\"elementor-element elementor-element-057c65f elementor-widget elementor-widget-image\" data-id=\"057c65f\" data-element_type=\"widget\" data-widget_type=\"image.default\">\n\t\t\t\t<div class=\"elementor-widget-container\">\n\t\t\t\t\t\t\t\t\t\t\t\t\t<img decoding=\"async\" width=\"570\" height=\"597\" src=\"https:\/\/klima.bemutatjuk.com\/wp-content\/uploads\/2024\/06\/JDBLJYG-min.jpg\" class=\"attachment-large size-large wp-image-79\" alt=\"\" srcset=\"https:\/\/klima.bemutatjuk.com\/wp-content\/uploads\/2024\/06\/JDBLJYG-min.jpg 570w, https:\/\/klima.bemutatjuk.com\/wp-content\/uploads\/2024\/06\/JDBLJYG-min-286x300.jpg 286w\" sizes=\"(max-width: 570px) 100vw, 570px\" \/>\t\t\t\t\t\t\t\t\t\t\t\t\t<\/div>\n\t\t\t\t<\/div>\n\t\t\t\t\t<\/div>\n\t\t<\/div>\n\t\t\t\t<div class=\"elementor-column elementor-col-50 elementor-inner-column elementor-element elementor-element-14977ea\" data-id=\"14977ea\" data-element_type=\"column\">\n\t\t\t<div class=\"elementor-widget-wrap elementor-element-populated\">\n\t\t\t\t\t\t<div class=\"elementor-element elementor-element-58bfb6a elementor-widget elementor-widget-text-editor\" data-id=\"58bfb6a\" data-element_type=\"widget\" data-widget_type=\"text-editor.default\">\n\t\t\t\t<div class=\"elementor-widget-container\">\n\t\t\t\t\t\t\t<p>A sz\u0171r\u0151k tiszt\u00edt\u00e1s\u00e1t ak\u00e1r otthon is elv\u00e9gezhetj\u00fck, de fontos, hogy id\u0151nk\u00e9nt speci\u00e1lis fert\u0151tlen\u00edt\u0151 szerekkel is kezelj\u00fck \u0151ket, k\u00fcl\u00f6n\u00f6sen l\u00e9g\u00fati megbeteged\u00e9sekkel k\u00fczd\u0151k eset\u00e9ben. Azonban \u00f3vatosnak kell lenni a kl\u00edma illatos\u00edt\u00f3kkal, mivel ezek k\u00e1ros\u00edthatj\u00e1k a k\u00e9sz\u00fcl\u00e9k m\u0171anyag r\u00e9szeit.<\/p>\t\t\t\t\t\t<\/div>\n\t\t\t\t<\/div>\n\t\t\t\t<div class=\"elementor-element elementor-element-19ecd94 elementor-widget elementor-widget-heading\" data-id=\"19ecd94\" data-element_type=\"widget\" data-widget_type=\"heading.default\">\n\t\t\t\t<div class=\"elementor-widget-container\">\n\t\t\t<h2 class=\"elementor-heading-title elementor-size-default\">Otthoni vagy Szakember \u00c1ltal V\u00e9gzett Kl\u00edma Tiszt\u00edt\u00e1s?<\/h2>\t\t<\/div>\n\t\t\t\t<\/div>\n\t\t\t\t<div class=\"elementor-element elementor-element-f159ff9 elementor-widget elementor-widget-text-editor\" data-id=\"f159ff9\" data-element_type=\"widget\" data-widget_type=\"text-editor.default\">\n\t\t\t\t<div class=\"elementor-widget-container\">\n\t\t\t\t\t\t\t<p>Az otthoni tiszt\u00edt\u00e1st nem szabad \u00f6sszekeverni a szakemberek \u00e1ltal v\u00e9gzett karbantart\u00e1ssal, akik ipari tiszt\u00edt\u00f3szereket haszn\u00e1lnak, amelyek alaposan megtiszt\u00edtj\u00e1k a lamell\u00e1kat \u00e9s a k\u00e9sz\u00fcl\u00e9k belsej\u00e9t.<\/p>\t\t\t\t\t\t<\/div>\n\t\t\t\t<\/div>\n\t\t\t\t<div class=\"elementor-element elementor-element-257e99c elementor-align-center elementor-widget elementor-widget-button\" data-id=\"257e99c\" data-element_type=\"widget\" data-widget_type=\"button.default\">\n\t\t\t\t<div class=\"elementor-widget-container\">\n\t\t\t\t\t<div class=\"elementor-button-wrapper\">\n\t\t\t<a class=\"elementor-button elementor-button-link elementor-size-sm\" href=\"https:\/\/klima.bemutatjuk.com\/?page_id=109\">\n\t\t\t\t\t\t<span class=\"elementor-button-content-wrapper\">\n\t\t\t\t\t\t\t\t\t<span class=\"elementor-button-text\">K\u00e9rd d\u00edjmentes aj\u00e1nlatunkat<\/span>\n\t\t\t\t\t<\/span>\n\t\t\t\t\t<\/a>\n\t\t<\/div>\n\t\t\t\t<\/div>\n\t\t\t\t<\/div>\n\t\t\t\t\t<\/div>\n\t\t<\/div>\n\t\t\t\t\t<\/div>\n\t\t<\/section>\n\t\t\t\t<section class=\"elementor-section elementor-inner-section elementor-element elementor-element-8ab87a6 elementor-section-content-top elementor-section-boxed elementor-section-height-default elementor-section-height-default\" data-id=\"8ab87a6\" data-element_type=\"section\">\n\t\t\t\t\t\t<div class=\"elementor-container elementor-column-gap-no\">\n\t\t\t\t\t<div class=\"elementor-column elementor-col-50 elementor-inner-column elementor-element elementor-element-f12793a\" data-id=\"f12793a\" data-element_type=\"column\">\n\t\t\t<div class=\"elementor-widget-wrap elementor-element-populated\">\n\t\t\t\t\t\t<div class=\"elementor-element elementor-element-5dd231d elementor-widget elementor-widget-heading\" data-id=\"5dd231d\" data-element_type=\"widget\" data-widget_type=\"heading.default\">\n\t\t\t\t<div class=\"elementor-widget-container\">\n\t\t\t<h2 class=\"elementor-heading-title elementor-size-default\">Kl\u00edma Tiszt\u00edt\u00e1s<\/h2>\t\t<\/div>\n\t\t\t\t<\/div>\n\t\t\t\t<div class=\"elementor-element elementor-element-263b118 elementor-widget elementor-widget-text-editor\" data-id=\"263b118\" data-element_type=\"widget\" data-widget_type=\"text-editor.default\">\n\t\t\t\t<div class=\"elementor-widget-container\">\n\t\t\t\t\t\t\t<p>A rendszeresen karbantartott kl\u00edm\u00e1k nem pen\u00e9szesednek, nem bocs\u00e1tanak ki kellemetlen szagokat, \u00e9s nem k\u00e1rosak az eg\u00e9szs\u00e9gre.<\/p><p>A kl\u00edma gy\u00e1rt\u00f3k \u00e9vente h\u00e1rom tiszt\u00edt\u00e1st javasolnak f\u0171t\u00e9sre haszn\u00e1lt g\u00e9pekn\u00e9l, m\u00edg h\u0171t\u00e9sre haszn\u00e1lt g\u00e9pekn\u00e9l \u00e9vente kett\u0151t, gyakran a garancia felt\u00e9telek\u00e9nt is el\u0151\u00edrva ezt.<\/p>\t\t\t\t\t\t<\/div>\n\t\t\t\t<\/div>\n\t\t\t\t<div class=\"elementor-element elementor-element-fd796ab elementor-widget elementor-widget-text-editor\" data-id=\"fd796ab\" data-element_type=\"widget\" data-widget_type=\"text-editor.default\">\n\t\t\t\t<div class=\"elementor-widget-container\">\n\t\t\t\t\t\t\t<p>Tiszt\u00edt\u00e1s sor\u00e1n ellen\u0151rizz\u00fck a csatlakoz\u00f3kat, a nyom\u00e1st a g\u00e9pben, \u00e9s speci\u00e1lis vegyszereket haszn\u00e1lunk, amelyek alaposan megtiszt\u00edtj\u00e1k a belt\u00e9ri egys\u00e9get. Az elhanyagolt kl\u00edm\u00e1k teljes\u00edtm\u00e9nye cs\u00f6kken, \u00e9s a modernebb g\u00e9pek v\u00e9g\u00fcl le\u00e1llnak, hibak\u00f3dot jelezve. Ilyen esetben kl\u00edma mos\u00e1sra van sz\u00fcks\u00e9g, amely sor\u00e1n a k\u00e9sz\u00fcl\u00e9ket sz\u00e9tszerelj\u00fck \u00e9s alaposan \u00e1t\u00f6bl\u00edtj\u00fck, hogy elt\u00e1vol\u00edtsuk a lerak\u00f3dott szennyez\u0151d\u00e9seket.<\/p>\t\t\t\t\t\t<\/div>\n\t\t\t\t<\/div>\n\t\t\t\t\t<\/div>\n\t\t<\/div>\n\t\t\t\t<div class=\"elementor-column elementor-col-50 elementor-inner-column elementor-element elementor-element-73c06f7\" data-id=\"73c06f7\" data-element_type=\"column\">\n\t\t\t<div class=\"elementor-widget-wrap elementor-element-populated\">\n\t\t\t\t\t\t<div class=\"elementor-element elementor-element-9bb3369 elementor-widget elementor-widget-image\" data-id=\"9bb3369\" data-element_type=\"widget\" data-widget_type=\"image.default\">\n\t\t\t\t<div class=\"elementor-widget-container\">\n\t\t\t\t\t\t\t\t\t\t\t\t\t<img decoding=\"async\" width=\"480\" height=\"480\" src=\"https:\/\/klima.bemutatjuk.com\/wp-content\/uploads\/2024\/06\/CPPHWRJ-min.jpg\" class=\"attachment-large size-large wp-image-42\" alt=\"\" srcset=\"https:\/\/klima.bemutatjuk.com\/wp-content\/uploads\/2024\/06\/CPPHWRJ-min.jpg 480w, https:\/\/klima.bemutatjuk.com\/wp-content\/uploads\/2024\/06\/CPPHWRJ-min-300x300.jpg 300w, https:\/\/klima.bemutatjuk.com\/wp-content\/uploads\/2024\/06\/CPPHWRJ-min-150x150.jpg 150w\" sizes=\"(max-width: 480px) 100vw, 480px\" \/>\t\t\t\t\t\t\t\t\t\t\t\t\t<\/div>\n\t\t\t\t<\/div>\n\t\t\t\t\t<\/div>\n\t\t<\/div>\n\t\t\t\t\t<\/div>\n\t\t<\/section>\n\t\t\t\t\t<\/div>\n\t\t<\/div>\n\t\t\t\t\t<\/div>\n\t\t<\/section>\n\t\t<div class=\"elementor-element elementor-element-d0fbba2 e-flex e-con-boxed e-con e-parent\" data-id=\"d0fbba2\" data-element_type=\"container\">\n\t\t\t\t\t<div class=\"e-con-inner\">\n\t\t\t\t<div class=\"elementor-element elementor-element-7e1ff78 elementor-align-center elementor-widget elementor-widget-button\" data-id=\"7e1ff78\" data-element_type=\"widget\" data-widget_type=\"button.default\">\n\t\t\t\t<div class=\"elementor-widget-container\">\n\t\t\t\t\t<div class=\"elementor-button-wrapper\">\n\t\t\t<a class=\"elementor-button elementor-button-link elementor-size-sm\" href=\"https:\/\/klima.bemutatjuk.com\/?page_id=109\">\n\t\t\t\t\t\t<span class=\"elementor-button-content-wrapper\">\n\t\t\t\t\t\t\t\t\t<span class=\"elementor-button-text\">K\u00e9rjd d\u00edjmentes aj\u00e1nlatot most!<\/span>\n\t\t\t\t\t<\/span>\n\t\t\t\t\t<\/a>\n\t\t<\/div>\n\t\t\t\t<\/div>\n\t\t\t\t<\/div>\n\t\t\t\t\t<\/div>\n\t\t\t\t<\/div>\n\t\t\t\t<\/div>\n\t\t","protected":false},"excerpt":{"rendered":"<p>A Kl\u00edmaberendez\u00e9sek Tiszt\u00edt\u00e1sa Egy gondosan kiv\u00e1lasztott \u00e9s szakszer\u0171en beszerelt min\u0151s\u00e9gi kl\u00edmaberendez\u00e9s hossz\u00fa t\u00e1von biztos\u00edtja k\u00e9nyelm\u00fcnket \u00e9s eg\u00e9szs\u00e9g\u00fcnket. Amikor valaki kl\u00edm\u00e1t v\u00e1laszt, \u00e9rdemes alaposan megfontolni a d\u00f6nt\u00e9st, hiszen ez az eszk\u00f6z \u00e9veken \u00e1t otthonunk r\u00e9sze lesz, szolg\u00e1lva k\u00e9nyelm\u00fcnket \u00e9s eg\u00e9szs\u00e9g\u00fcnket. A Kl\u00edma Tiszt\u00edt\u00e1s\u00e1nak Fontoss\u00e1ga A garancia mellett a nem megfelel\u0151en karbantartott kl\u00edm\u00e1k \u00e9lettani hat\u00e1sa is l\u00e9nyeges. [&hellip;]<\/p>\n","protected":false},"author":1,"featured_media":0,"parent":0,"menu_order":0,"comment_status":"closed","ping_status":"closed","template":"elementor_header_footer","meta":{"footnotes":""},"class_list":["post-172","page","type-page","status-publish","hentry"],"_links":{"self":[{"href":"https:\/\/klima.bemutatjuk.com\/index.php?rest_route=\/wp\/v2\/pages\/172","targetHints":{"allow":["GET"]}}],"collection":[{"href":"https:\/\/klima.bemutatjuk.com\/index.php?rest_route=\/wp\/v2\/pages"}],"about":[{"href":"https:\/\/klima.bemutatjuk.com\/index.php?rest_route=\/wp\/v2\/types\/page"}],"author":[{"embeddable":true,"href":"https:\/\/klima.bemutatjuk.com\/index.php?rest_route=\/wp\/v2\/users\/1"}],"replies":[{"embeddable":true,"href":"https:\/\/klima.bemutatjuk.com\/index.php?rest_route=%2Fwp%2Fv2%2Fcomments&post=172"}],"version-history":[{"count":7,"href":"https:\/\/klima.bemutatjuk.com\/index.php?rest_route=\/wp\/v2\/pages\/172\/revisions"}],"predecessor-version":[{"id":179,"href":"https:\/\/klima.bemutatjuk.com\/index.php?rest_route=\/wp\/v2\/pages\/172\/revisions\/179"}],"wp:attachment":[{"href":"https:\/\/klima.bemutatjuk.com\/index.php?rest_route=%2Fwp%2Fv2%2Fmedia&parent=172"}],"curies":[{"name":"wp","href":"https:\/\/api.w.org\/{rel}","templated":true}]}}