{"id":160,"date":"2024-06-20T21:25:48","date_gmt":"2024-06-20T21:25:48","guid":{"rendered":"https:\/\/klima.bemutatjuk.com\/?page_id=160"},"modified":"2024-06-20T21:37:16","modified_gmt":"2024-06-20T21:37:16","slug":"klima-keszulekek","status":"publish","type":"page","link":"https:\/\/klima.bemutatjuk.com\/?page_id=160","title":{"rendered":"Kl\u00edma k\u00e9sz\u00fcl\u00e9kek"},"content":{"rendered":"\t\t<div data-elementor-type=\"wp-page\" data-elementor-id=\"160\" class=\"elementor elementor-160\" data-elementor-post-type=\"page\">\n\t\t\t\t\t\t<section class=\"elementor-section elementor-top-section elementor-element elementor-element-5cb726c elementor-section-height-min-height elementor-section-content-middle elementor-section-boxed elementor-section-height-default elementor-section-items-middle\" data-id=\"5cb726c\" data-element_type=\"section\" data-settings=\"{&quot;background_background&quot;:&quot;classic&quot;}\">\n\t\t\t\t\t\t\t<div class=\"elementor-background-overlay\"><\/div>\n\t\t\t\t\t\t\t<div class=\"elementor-container elementor-column-gap-no\">\n\t\t\t\t\t<div class=\"elementor-column elementor-col-50 elementor-top-column elementor-element elementor-element-3ef194d7 elementor-invisible\" data-id=\"3ef194d7\" data-element_type=\"column\" data-settings=\"{&quot;animation&quot;:&quot;fadeInLeft&quot;}\">\n\t\t\t<div class=\"elementor-widget-wrap elementor-element-populated\">\n\t\t\t\t\t\t\t<\/div>\n\t\t<\/div>\n\t\t\t\t<div class=\"elementor-column elementor-col-50 elementor-top-column elementor-element elementor-element-6a4ecf53 elementor-invisible\" data-id=\"6a4ecf53\" data-element_type=\"column\" data-settings=\"{&quot;animation&quot;:&quot;fadeInRight&quot;}\">\n\t\t\t<div class=\"elementor-widget-wrap\">\n\t\t\t\t\t\t\t<\/div>\n\t\t<\/div>\n\t\t\t\t\t<\/div>\n\t\t<\/section>\n\t\t<div class=\"elementor-element elementor-element-73a464b e-flex e-con-boxed e-con e-parent\" data-id=\"73a464b\" data-element_type=\"container\">\n\t\t\t\t\t<div class=\"e-con-inner\">\n\t\t<div class=\"elementor-element elementor-element-60393c7 e-con-full e-flex e-con e-child\" data-id=\"60393c7\" data-element_type=\"container\">\n\t\t\t\t<div class=\"elementor-element elementor-element-471ff08 elementor-position-top elementor-widget elementor-widget-image-box\" data-id=\"471ff08\" data-element_type=\"widget\" data-widget_type=\"image-box.default\">\n\t\t\t\t<div class=\"elementor-widget-container\">\n\t\t\t<style>\/*! elementor - v3.22.0 - 17-06-2024 *\/\n.elementor-widget-image-box .elementor-image-box-content{width:100%}@media (min-width:768px){.elementor-widget-image-box.elementor-position-left .elementor-image-box-wrapper,.elementor-widget-image-box.elementor-position-right .elementor-image-box-wrapper{display:flex}.elementor-widget-image-box.elementor-position-right .elementor-image-box-wrapper{text-align:end;flex-direction:row-reverse}.elementor-widget-image-box.elementor-position-left .elementor-image-box-wrapper{text-align:start;flex-direction:row}.elementor-widget-image-box.elementor-position-top .elementor-image-box-img{margin:auto}.elementor-widget-image-box.elementor-vertical-align-top .elementor-image-box-wrapper{align-items:flex-start}.elementor-widget-image-box.elementor-vertical-align-middle .elementor-image-box-wrapper{align-items:center}.elementor-widget-image-box.elementor-vertical-align-bottom .elementor-image-box-wrapper{align-items:flex-end}}@media (max-width:767px){.elementor-widget-image-box .elementor-image-box-img{margin-left:auto!important;margin-right:auto!important;margin-bottom:15px}}.elementor-widget-image-box .elementor-image-box-img{display:inline-block}.elementor-widget-image-box .elementor-image-box-title a{color:inherit}.elementor-widget-image-box .elementor-image-box-wrapper{text-align:center}.elementor-widget-image-box .elementor-image-box-description{margin:0}<\/style><div class=\"elementor-image-box-wrapper\"><figure class=\"elementor-image-box-img\"><img fetchpriority=\"high\" decoding=\"async\" width=\"638\" height=\"638\" src=\"https:\/\/klima.bemutatjuk.com\/wp-content\/uploads\/2024\/06\/gree-klima.jpg\" class=\"attachment-full size-full wp-image-165\" alt=\"gree kli\u0301ma\" srcset=\"https:\/\/klima.bemutatjuk.com\/wp-content\/uploads\/2024\/06\/gree-klima.jpg 638w, https:\/\/klima.bemutatjuk.com\/wp-content\/uploads\/2024\/06\/gree-klima-300x300.jpg 300w, https:\/\/klima.bemutatjuk.com\/wp-content\/uploads\/2024\/06\/gree-klima-150x150.jpg 150w\" sizes=\"(max-width: 638px) 100vw, 638px\" \/><\/figure><div class=\"elementor-image-box-content\"><h3 class=\"elementor-image-box-title\">GREE COMFORT X 2,7KW<\/h3><p class=\"elementor-image-box-description\">GWH09ACC\/K6DNA1F<br>\nBeszerel\u00e9ssel m\u00e1r:<br><\/p><\/div><\/div>\t\t<\/div>\n\t\t\t\t<\/div>\n\t\t\t\t<div class=\"elementor-element elementor-element-c8bd9b4 elementor-align-center elementor-widget elementor-widget-button\" data-id=\"c8bd9b4\" data-element_type=\"widget\" data-widget_type=\"button.default\">\n\t\t\t\t<div class=\"elementor-widget-container\">\n\t\t\t\t\t<div class=\"elementor-button-wrapper\">\n\t\t\t<a class=\"elementor-button elementor-button-link elementor-size-sm\" href=\"#\">\n\t\t\t\t\t\t<span class=\"elementor-button-content-wrapper\">\n\t\t\t\t\t\t\t\t\t<span class=\"elementor-button-text\">310.000 Ft-t\u00f3l<\/span>\n\t\t\t\t\t<\/span>\n\t\t\t\t\t<\/a>\n\t\t<\/div>\n\t\t\t\t<\/div>\n\t\t\t\t<\/div>\n\t\t\t\t<\/div>\n\t\t<div class=\"elementor-element elementor-element-d162ee0 e-con-full e-flex e-con e-child\" data-id=\"d162ee0\" data-element_type=\"container\">\n\t\t\t\t<div class=\"elementor-element elementor-element-167a8f7 elementor-position-top elementor-widget elementor-widget-image-box\" data-id=\"167a8f7\" data-element_type=\"widget\" data-widget_type=\"image-box.default\">\n\t\t\t\t<div class=\"elementor-widget-container\">\n\t\t\t<div class=\"elementor-image-box-wrapper\"><figure class=\"elementor-image-box-img\"><img fetchpriority=\"high\" decoding=\"async\" width=\"638\" height=\"638\" src=\"https:\/\/klima.bemutatjuk.com\/wp-content\/uploads\/2024\/06\/gree-klima.jpg\" class=\"attachment-full size-full wp-image-165\" alt=\"gree kli\u0301ma\" srcset=\"https:\/\/klima.bemutatjuk.com\/wp-content\/uploads\/2024\/06\/gree-klima.jpg 638w, https:\/\/klima.bemutatjuk.com\/wp-content\/uploads\/2024\/06\/gree-klima-300x300.jpg 300w, https:\/\/klima.bemutatjuk.com\/wp-content\/uploads\/2024\/06\/gree-klima-150x150.jpg 150w\" sizes=\"(max-width: 638px) 100vw, 638px\" \/><\/figure><div class=\"elementor-image-box-content\"><h3 class=\"elementor-image-box-title\">GREE COMFORT X 3,5KW<\/h3><p class=\"elementor-image-box-description\">GWH12ACC\/K6DNA1F<br>\nBeszerel\u00e9ssel m\u00e1r:<br>\n<\/p><\/div><\/div>\t\t<\/div>\n\t\t\t\t<\/div>\n\t\t\t\t<div class=\"elementor-element elementor-element-329dd1d elementor-align-center elementor-widget elementor-widget-button\" data-id=\"329dd1d\" data-element_type=\"widget\" data-widget_type=\"button.default\">\n\t\t\t\t<div class=\"elementor-widget-container\">\n\t\t\t\t\t<div class=\"elementor-button-wrapper\">\n\t\t\t<a class=\"elementor-button elementor-button-link elementor-size-sm\" href=\"#\">\n\t\t\t\t\t\t<span class=\"elementor-button-content-wrapper\">\n\t\t\t\t\t\t\t\t\t<span class=\"elementor-button-text\">330.000 Ft-t\u00f3l<\/span>\n\t\t\t\t\t<\/span>\n\t\t\t\t\t<\/a>\n\t\t<\/div>\n\t\t\t\t<\/div>\n\t\t\t\t<\/div>\n\t\t\t\t<\/div>\n\t\t<div class=\"elementor-element elementor-element-b760d9b e-con-full e-flex e-con e-child\" data-id=\"b760d9b\" data-element_type=\"container\">\n\t\t\t\t<div class=\"elementor-element elementor-element-cf46070 elementor-position-top elementor-widget elementor-widget-image-box\" data-id=\"cf46070\" data-element_type=\"widget\" data-widget_type=\"image-box.default\">\n\t\t\t\t<div class=\"elementor-widget-container\">\n\t\t\t<div class=\"elementor-image-box-wrapper\"><figure class=\"elementor-image-box-img\"><img fetchpriority=\"high\" decoding=\"async\" width=\"638\" height=\"638\" src=\"https:\/\/klima.bemutatjuk.com\/wp-content\/uploads\/2024\/06\/gree-klima.jpg\" class=\"attachment-full size-full wp-image-165\" alt=\"gree kli\u0301ma\" srcset=\"https:\/\/klima.bemutatjuk.com\/wp-content\/uploads\/2024\/06\/gree-klima.jpg 638w, https:\/\/klima.bemutatjuk.com\/wp-content\/uploads\/2024\/06\/gree-klima-300x300.jpg 300w, https:\/\/klima.bemutatjuk.com\/wp-content\/uploads\/2024\/06\/gree-klima-150x150.jpg 150w\" sizes=\"(max-width: 638px) 100vw, 638px\" \/><\/figure><div class=\"elementor-image-box-content\"><h3 class=\"elementor-image-box-title\">GREE COMFORT X 5,3KW<\/h3><p class=\"elementor-image-box-description\">GWH18ACDXF\/K6DNA1A<br>\nBeszerel\u00e9ssel m\u00e1r:<br><\/p><\/div><\/div>\t\t<\/div>\n\t\t\t\t<\/div>\n\t\t\t\t<div class=\"elementor-element elementor-element-9c49ab2 elementor-align-center elementor-widget elementor-widget-button\" data-id=\"9c49ab2\" data-element_type=\"widget\" data-widget_type=\"button.default\">\n\t\t\t\t<div class=\"elementor-widget-container\">\n\t\t\t\t\t<div class=\"elementor-button-wrapper\">\n\t\t\t<a class=\"elementor-button elementor-button-link elementor-size-sm\" href=\"#\">\n\t\t\t\t\t\t<span class=\"elementor-button-content-wrapper\">\n\t\t\t\t\t\t\t\t\t<span class=\"elementor-button-text\">460.000 Ft-t\u00f3l<\/span>\n\t\t\t\t\t<\/span>\n\t\t\t\t\t<\/a>\n\t\t<\/div>\n\t\t\t\t<\/div>\n\t\t\t\t<\/div>\n\t\t\t\t<\/div>\n\t\t<div class=\"elementor-element elementor-element-f1475f0 e-con-full e-flex e-con e-child\" data-id=\"f1475f0\" data-element_type=\"container\">\n\t\t\t\t<div class=\"elementor-element elementor-element-96c5f3f elementor-position-top elementor-widget elementor-widget-image-box\" data-id=\"96c5f3f\" data-element_type=\"widget\" data-widget_type=\"image-box.default\">\n\t\t\t\t<div class=\"elementor-widget-container\">\n\t\t\t<div class=\"elementor-image-box-wrapper\"><figure class=\"elementor-image-box-img\"><img fetchpriority=\"high\" decoding=\"async\" width=\"638\" height=\"638\" src=\"https:\/\/klima.bemutatjuk.com\/wp-content\/uploads\/2024\/06\/gree-klima.jpg\" class=\"attachment-full size-full wp-image-165\" alt=\"gree kli\u0301ma\" srcset=\"https:\/\/klima.bemutatjuk.com\/wp-content\/uploads\/2024\/06\/gree-klima.jpg 638w, https:\/\/klima.bemutatjuk.com\/wp-content\/uploads\/2024\/06\/gree-klima-300x300.jpg 300w, https:\/\/klima.bemutatjuk.com\/wp-content\/uploads\/2024\/06\/gree-klima-150x150.jpg 150w\" sizes=\"(max-width: 638px) 100vw, 638px\" \/><\/figure><div class=\"elementor-image-box-content\"><h3 class=\"elementor-image-box-title\">GREE COMFORT X 7,1KW<\/h3><p class=\"elementor-image-box-description\">GWH24ACE\/K6DNA1I<br>\nBeszerel\u00e9ssel m\u00e1r:<br><\/p><\/div><\/div>\t\t<\/div>\n\t\t\t\t<\/div>\n\t\t\t\t<div class=\"elementor-element elementor-element-6bd06d1 elementor-align-center elementor-widget elementor-widget-button\" data-id=\"6bd06d1\" data-element_type=\"widget\" data-widget_type=\"button.default\">\n\t\t\t\t<div class=\"elementor-widget-container\">\n\t\t\t\t\t<div class=\"elementor-button-wrapper\">\n\t\t\t<a class=\"elementor-button elementor-button-link elementor-size-sm\" href=\"#\">\n\t\t\t\t\t\t<span class=\"elementor-button-content-wrapper\">\n\t\t\t\t\t\t\t\t\t<span class=\"elementor-button-text\">540.000 Ft-t\u00f3l<\/span>\n\t\t\t\t\t<\/span>\n\t\t\t\t\t<\/a>\n\t\t<\/div>\n\t\t\t\t<\/div>\n\t\t\t\t<\/div>\n\t\t\t\t<\/div>\n\t\t\t\t\t<\/div>\n\t\t\t\t<\/div>\n\t\t<div class=\"elementor-element elementor-element-46e9a97 e-flex e-con-boxed e-con e-parent\" data-id=\"46e9a97\" data-element_type=\"container\">\n\t\t\t\t\t<div class=\"e-con-inner\">\n\t\t<div class=\"elementor-element elementor-element-91b0412 e-con-full e-flex e-con e-child\" data-id=\"91b0412\" data-element_type=\"container\">\n\t\t\t\t<div class=\"elementor-element elementor-element-8ebc866 elementor-position-top elementor-widget elementor-widget-image-box\" data-id=\"8ebc866\" data-element_type=\"widget\" data-widget_type=\"image-box.default\">\n\t\t\t\t<div class=\"elementor-widget-container\">\n\t\t\t<div class=\"elementor-image-box-wrapper\"><figure class=\"elementor-image-box-img\"><img fetchpriority=\"high\" decoding=\"async\" width=\"638\" height=\"638\" src=\"https:\/\/klima.bemutatjuk.com\/wp-content\/uploads\/2024\/06\/gree-klima.jpg\" class=\"attachment-full size-full wp-image-165\" alt=\"gree kli\u0301ma\" srcset=\"https:\/\/klima.bemutatjuk.com\/wp-content\/uploads\/2024\/06\/gree-klima.jpg 638w, https:\/\/klima.bemutatjuk.com\/wp-content\/uploads\/2024\/06\/gree-klima-300x300.jpg 300w, https:\/\/klima.bemutatjuk.com\/wp-content\/uploads\/2024\/06\/gree-klima-150x150.jpg 150w\" sizes=\"(max-width: 638px) 100vw, 638px\" \/><\/figure><div class=\"elementor-image-box-content\"><h3 class=\"elementor-image-box-title\">GREE COMFORT X 2,7KW<\/h3><p class=\"elementor-image-box-description\">GWH09ACC\/K6DNA1F<br>\nBeszerel\u00e9ssel m\u00e1r:<\/p><\/div><\/div>\t\t<\/div>\n\t\t\t\t<\/div>\n\t\t\t\t<div class=\"elementor-element elementor-element-949c112 elementor-align-center elementor-widget elementor-widget-button\" data-id=\"949c112\" data-element_type=\"widget\" data-widget_type=\"button.default\">\n\t\t\t\t<div class=\"elementor-widget-container\">\n\t\t\t\t\t<div class=\"elementor-button-wrapper\">\n\t\t\t<a class=\"elementor-button elementor-button-link elementor-size-sm\" href=\"#\">\n\t\t\t\t\t\t<span class=\"elementor-button-content-wrapper\">\n\t\t\t\t\t\t\t\t\t<span class=\"elementor-button-text\">310.000 Ft-t\u00f3l<\/span>\n\t\t\t\t\t<\/span>\n\t\t\t\t\t<\/a>\n\t\t<\/div>\n\t\t\t\t<\/div>\n\t\t\t\t<\/div>\n\t\t\t\t<\/div>\n\t\t<div class=\"elementor-element elementor-element-b097ff9 e-con-full e-flex e-con e-child\" data-id=\"b097ff9\" data-element_type=\"container\">\n\t\t\t\t<div class=\"elementor-element elementor-element-eb95d11 elementor-position-top elementor-widget elementor-widget-image-box\" data-id=\"eb95d11\" data-element_type=\"widget\" data-widget_type=\"image-box.default\">\n\t\t\t\t<div class=\"elementor-widget-container\">\n\t\t\t<div class=\"elementor-image-box-wrapper\"><figure class=\"elementor-image-box-img\"><img fetchpriority=\"high\" decoding=\"async\" width=\"638\" height=\"638\" src=\"https:\/\/klima.bemutatjuk.com\/wp-content\/uploads\/2024\/06\/gree-klima.jpg\" class=\"attachment-full size-full wp-image-165\" alt=\"gree kli\u0301ma\" srcset=\"https:\/\/klima.bemutatjuk.com\/wp-content\/uploads\/2024\/06\/gree-klima.jpg 638w, https:\/\/klima.bemutatjuk.com\/wp-content\/uploads\/2024\/06\/gree-klima-300x300.jpg 300w, https:\/\/klima.bemutatjuk.com\/wp-content\/uploads\/2024\/06\/gree-klima-150x150.jpg 150w\" sizes=\"(max-width: 638px) 100vw, 638px\" \/><\/figure><div class=\"elementor-image-box-content\"><h3 class=\"elementor-image-box-title\">GREE COMFORT X 3,5KW<\/h3><p class=\"elementor-image-box-description\">GWH12ACC\/K6DNA1F<br>\nBeszerel\u00e9ssel m\u00e1r:<\/p><\/div><\/div>\t\t<\/div>\n\t\t\t\t<\/div>\n\t\t\t\t<div class=\"elementor-element elementor-element-4a4905e elementor-align-center elementor-widget elementor-widget-button\" data-id=\"4a4905e\" data-element_type=\"widget\" data-widget_type=\"button.default\">\n\t\t\t\t<div class=\"elementor-widget-container\">\n\t\t\t\t\t<div class=\"elementor-button-wrapper\">\n\t\t\t<a class=\"elementor-button elementor-button-link elementor-size-sm\" href=\"#\">\n\t\t\t\t\t\t<span class=\"elementor-button-content-wrapper\">\n\t\t\t\t\t\t\t\t\t<span class=\"elementor-button-text\">330.000 Ft-t\u00f3l<\/span>\n\t\t\t\t\t<\/span>\n\t\t\t\t\t<\/a>\n\t\t<\/div>\n\t\t\t\t<\/div>\n\t\t\t\t<\/div>\n\t\t\t\t<\/div>\n\t\t<div class=\"elementor-element elementor-element-ed2e237 e-con-full e-flex e-con e-child\" data-id=\"ed2e237\" data-element_type=\"container\">\n\t\t\t\t<div class=\"elementor-element elementor-element-a58cf2a elementor-position-top elementor-widget elementor-widget-image-box\" data-id=\"a58cf2a\" data-element_type=\"widget\" data-widget_type=\"image-box.default\">\n\t\t\t\t<div class=\"elementor-widget-container\">\n\t\t\t<div class=\"elementor-image-box-wrapper\"><figure class=\"elementor-image-box-img\"><img fetchpriority=\"high\" decoding=\"async\" width=\"638\" height=\"638\" src=\"https:\/\/klima.bemutatjuk.com\/wp-content\/uploads\/2024\/06\/gree-klima.jpg\" class=\"attachment-full size-full wp-image-165\" alt=\"gree kli\u0301ma\" srcset=\"https:\/\/klima.bemutatjuk.com\/wp-content\/uploads\/2024\/06\/gree-klima.jpg 638w, https:\/\/klima.bemutatjuk.com\/wp-content\/uploads\/2024\/06\/gree-klima-300x300.jpg 300w, https:\/\/klima.bemutatjuk.com\/wp-content\/uploads\/2024\/06\/gree-klima-150x150.jpg 150w\" sizes=\"(max-width: 638px) 100vw, 638px\" \/><\/figure><div class=\"elementor-image-box-content\"><h3 class=\"elementor-image-box-title\">GREE COMFORT X 5,3KW<\/h3><p class=\"elementor-image-box-description\">GWH18ACDXF\/K6DNA1A<br>\nBeszerel\u00e9ssel m\u00e1r:<\/p><\/div><\/div>\t\t<\/div>\n\t\t\t\t<\/div>\n\t\t\t\t<div class=\"elementor-element elementor-element-787a84a elementor-align-center elementor-widget elementor-widget-button\" data-id=\"787a84a\" data-element_type=\"widget\" data-widget_type=\"button.default\">\n\t\t\t\t<div class=\"elementor-widget-container\">\n\t\t\t\t\t<div class=\"elementor-button-wrapper\">\n\t\t\t<a class=\"elementor-button elementor-button-link elementor-size-sm\" href=\"#\">\n\t\t\t\t\t\t<span class=\"elementor-button-content-wrapper\">\n\t\t\t\t\t\t\t\t\t<span class=\"elementor-button-text\">460.000 Ft-t\u00f3l<\/span>\n\t\t\t\t\t<\/span>\n\t\t\t\t\t<\/a>\n\t\t<\/div>\n\t\t\t\t<\/div>\n\t\t\t\t<\/div>\n\t\t\t\t<\/div>\n\t\t<div class=\"elementor-element elementor-element-21ec354 e-con-full e-flex e-con e-child\" data-id=\"21ec354\" data-element_type=\"container\">\n\t\t\t\t<div class=\"elementor-element elementor-element-159ab3a elementor-position-top elementor-widget elementor-widget-image-box\" data-id=\"159ab3a\" data-element_type=\"widget\" data-widget_type=\"image-box.default\">\n\t\t\t\t<div class=\"elementor-widget-container\">\n\t\t\t<div class=\"elementor-image-box-wrapper\"><figure class=\"elementor-image-box-img\"><img fetchpriority=\"high\" decoding=\"async\" width=\"638\" height=\"638\" src=\"https:\/\/klima.bemutatjuk.com\/wp-content\/uploads\/2024\/06\/gree-klima.jpg\" class=\"attachment-full size-full wp-image-165\" alt=\"gree kli\u0301ma\" srcset=\"https:\/\/klima.bemutatjuk.com\/wp-content\/uploads\/2024\/06\/gree-klima.jpg 638w, https:\/\/klima.bemutatjuk.com\/wp-content\/uploads\/2024\/06\/gree-klima-300x300.jpg 300w, https:\/\/klima.bemutatjuk.com\/wp-content\/uploads\/2024\/06\/gree-klima-150x150.jpg 150w\" sizes=\"(max-width: 638px) 100vw, 638px\" \/><\/figure><div class=\"elementor-image-box-content\"><h3 class=\"elementor-image-box-title\">GREE COMFORT X 7,1KW<\/h3><p class=\"elementor-image-box-description\">GWH24ACE\/K6DNA1I<br>\nBeszerel\u00e9ssel m\u00e1r:<\/p><\/div><\/div>\t\t<\/div>\n\t\t\t\t<\/div>\n\t\t\t\t<div class=\"elementor-element elementor-element-9844c3e elementor-align-center elementor-widget elementor-widget-button\" data-id=\"9844c3e\" data-element_type=\"widget\" data-widget_type=\"button.default\">\n\t\t\t\t<div class=\"elementor-widget-container\">\n\t\t\t\t\t<div class=\"elementor-button-wrapper\">\n\t\t\t<a class=\"elementor-button elementor-button-link elementor-size-sm\" href=\"#\">\n\t\t\t\t\t\t<span class=\"elementor-button-content-wrapper\">\n\t\t\t\t\t\t\t\t\t<span class=\"elementor-button-text\">540.000 Ft-t\u00f3l<\/span>\n\t\t\t\t\t<\/span>\n\t\t\t\t\t<\/a>\n\t\t<\/div>\n\t\t\t\t<\/div>\n\t\t\t\t<\/div>\n\t\t\t\t<\/div>\n\t\t\t\t\t<\/div>\n\t\t\t\t<\/div>\n\t\t\t\t<\/div>\n\t\t","protected":false},"excerpt":{"rendered":"<p>GREE COMFORT X 2,7KW GWH09ACC\/K6DNA1F Beszerel\u00e9ssel m\u00e1r: 310.000 Ft-t\u00f3l GREE COMFORT X 3,5KW GWH12ACC\/K6DNA1F Beszerel\u00e9ssel m\u00e1r: 330.000 Ft-t\u00f3l GREE COMFORT X 5,3KW GWH18ACDXF\/K6DNA1A Beszerel\u00e9ssel m\u00e1r: 460.000 Ft-t\u00f3l GREE COMFORT X 7,1KW GWH24ACE\/K6DNA1I Beszerel\u00e9ssel m\u00e1r: 540.000 Ft-t\u00f3l GREE COMFORT X 2,7KW GWH09ACC\/K6DNA1F Beszerel\u00e9ssel m\u00e1r: 310.000 Ft-t\u00f3l GREE COMFORT X 3,5KW GWH12ACC\/K6DNA1F Beszerel\u00e9ssel m\u00e1r: 330.000 Ft-t\u00f3l GREE [&hellip;]<\/p>\n","protected":false},"author":1,"featured_media":0,"parent":0,"menu_order":0,"comment_status":"closed","ping_status":"closed","template":"","meta":{"footnotes":""},"class_list":["post-160","page","type-page","status-publish","hentry"],"_links":{"self":[{"href":"https:\/\/klima.bemutatjuk.com\/index.php?rest_route=\/wp\/v2\/pages\/160","targetHints":{"allow":["GET"]}}],"collection":[{"href":"https:\/\/klima.bemutatjuk.com\/index.php?rest_route=\/wp\/v2\/pages"}],"about":[{"href":"https:\/\/klima.bemutatjuk.com\/index.php?rest_route=\/wp\/v2\/types\/page"}],"author":[{"embeddable":true,"href":"https:\/\/klima.bemutatjuk.com\/index.php?rest_route=\/wp\/v2\/users\/1"}],"replies":[{"embeddable":true,"href":"https:\/\/klima.bemutatjuk.com\/index.php?rest_route=%2Fwp%2Fv2%2Fcomments&post=160"}],"version-history":[{"count":7,"href":"https:\/\/klima.bemutatjuk.com\/index.php?rest_route=\/wp\/v2\/pages\/160\/revisions"}],"predecessor-version":[{"id":171,"href":"https:\/\/klima.bemutatjuk.com\/index.php?rest_route=\/wp\/v2\/pages\/160\/revisions\/171"}],"wp:attachment":[{"href":"https:\/\/klima.bemutatjuk.com\/index.php?rest_route=%2Fwp%2Fv2%2Fmedia&parent=160"}],"curies":[{"name":"wp","href":"https:\/\/api.w.org\/{rel}","templated":true}]}}